{"id":66649,"date":"2026-04-06T21:38:31","date_gmt":"2026-04-06T19:38:31","guid":{"rendered":"https:\/\/grand-rechain.be\/cms\/2026-asterix-et-obelix-a-grand-rechain-page\/"},"modified":"2026-04-06T21:38:32","modified_gmt":"2026-04-06T19:38:32","slug":"2026-asterix-et-obelix-a-grand-rechain-page","status":"publish","type":"page","link":"https:\/\/grand-rechain.be\/cms\/2026-asterix-et-obelix-a-grand-rechain-page\/","title":{"rendered":"2026 &#8211; Ast\u00e9rix et Ob\u00e9lix \u00e0 Grand-Rechain Page"},"content":{"rendered":"ngg_shortcode_0_placeholder\n","protected":false},"excerpt":{"rendered":"","protected":false},"author":1,"featured_media":0,"parent":0,"menu_order":0,"comment_status":"closed","ping_status":"closed","template":"","meta":{"ngg_post_thumbnail":0,"footnotes":""},"class_list":["post-66649","page","type-page","status-publish","hentry"],"aioseo_notices":[],"_links":{"self":[{"href":"https:\/\/grand-rechain.be\/cms\/wp-json\/wp\/v2\/pages\/66649","targetHints":{"allow":["GET"]}}],"collection":[{"href":"https:\/\/grand-rechain.be\/cms\/wp-json\/wp\/v2\/pages"}],"about":[{"href":"https:\/\/grand-rechain.be\/cms\/wp-json\/wp\/v2\/types\/page"}],"author":[{"embeddable":true,"href":"https:\/\/grand-rechain.be\/cms\/wp-json\/wp\/v2\/users\/1"}],"replies":[{"embeddable":true,"href":"https:\/\/grand-rechain.be\/cms\/wp-json\/wp\/v2\/comments?post=66649"}],"version-history":[{"count":1,"href":"https:\/\/grand-rechain.be\/cms\/wp-json\/wp\/v2\/pages\/66649\/revisions"}],"predecessor-version":[{"id":66650,"href":"https:\/\/grand-rechain.be\/cms\/wp-json\/wp\/v2\/pages\/66649\/revisions\/66650"}],"wp:attachment":[{"href":"https:\/\/grand-rechain.be\/cms\/wp-json\/wp\/v2\/media?parent=66649"}],"curies":[{"name":"wp","href":"https:\/\/api.w.org\/{rel}","templated":true}]}}